{"id":7373,"date":"2021-09-20T11:52:42","date_gmt":"2021-09-20T09:52:42","guid":{"rendered":"https:\/\/blog.ac-lyon.fr\/?page_id=7373"},"modified":"2021-09-21T12:59:27","modified_gmt":"2021-09-21T10:59:27","slug":"mentions-legales","status":"publish","type":"page","link":"https:\/\/modele.blog.ac-lyon.fr\/wordpress\/mentions-legales\/","title":{"rendered":"Mentions l\u00e9gales"},"content":{"rendered":"\n<p>L\u2019affichage des mentions l\u00e9gales est une obligation aussi bien pour les sites internet professionnels que pour les sites personnels, en vertu de la loi du 21 juin 2004 pour la confiance dans l\u2019\u00e9conomie (LCEN) num\u00e9rique. En vertu de cette loi, voici les coordonn\u00e9es de l&rsquo;\u00e9diteur et du prestataire qui accueille le site : <span style=\"color:#1CACFF\" class=\"tadv-color\">[https:\/\/\u2026\u2026\u2026\u2026\u2026\u2026\u2026\u2026\u2026\u2026.blog.ac-lyon.fr]<\/span> .<\/p>\n\n\n\n<h2 class=\"wp-block-heading\">\u00c9diteur<\/h2>\n\n\n\n<p class=\"has-bleu-dane-color has-text-color\"><span style=\"color:#1CACFF\" class=\"tadv-color\">[Adresse postale et num\u00e9ro de t\u00e9l\u00e9phone de l\u2019\u00e9diteur] (rectorat, DSDEN, lyc\u00e9e ou coll\u00e8ge)<\/span><\/p>\n\n\n\n<h4 class=\"wp-block-heading\">Direction de publication<\/h4>\n\n\n\n<p class=\"has-bleu-dane-color has-text-color\"><span style=\"color:#1CACFF\" class=\"tadv-color\">[L&rsquo;IA-IPR, IEN-ET-EG pour le site disciplinaire]<br>[L\u2019IA-DASEN du d\u00e9partement pour le site de la DSDEN]<br>[Le chef d\u2019\u00e9tablissement pour le site de l\u2019\u00e9tablissement scolaire]<\/span><\/p>\n\n\n\n<h4 class=\"wp-block-heading\">Responsabilit\u00e9 \u00e9ditoriale<\/h4>\n\n\n\n<p class=\"has-bleu-dane-color has-text-color\"><span style=\"color:#1CACFF\" class=\"tadv-color\">Madame\/Monsieur [Pr\u00e9nom, Nom], [IA-IPR, IEN-ET-EG pour le site disciplinaire, IEN pour le site<br>des \u00e9coles et de la circonscription\u2026]<\/span><\/p>\n\n\n\n<h4 class=\"wp-block-heading\">Webmestre<\/h4>\n\n\n\n<p><span style=\"color:#1CACFF\" class=\"tadv-color\">[Pr\u00e9nom, Nom] pour les sites disciplinaires, d\u2019EPLE et d\u2019\u00e9cole<\/span><br>Qualit\u00e9 : <span style=\"color:#1CACFF\" class=\"tadv-color\">[enseignant], \u2026<\/span><\/p>\n\n\n\n<h2 class=\"wp-block-heading\">Droits d&rsquo;auteur et droits de reproduction du contenu mis en ligne<\/h2>\n\n\n\n<h4 class=\"wp-block-heading\">Demande d&rsquo;autorisation de reproduction du logo<\/h4>\n\n\n\n<p>L&rsquo;utilisation du logotype du rectorat de l&rsquo;acad\u00e9mie de Lyon, <span style=\"color:#1CACFF\" class=\"tadv-color\">de la DSDEN de [d\u00e9partement] ou de l&rsquo;\u00e9tablissement scolaire [nom de l\u2019\u00e9tablissement]<\/span> est soumise \u00e0 autorisation. Elle ne pourra en aucun cas \u00eatre accord\u00e9e \u00e0 une demande concernant les sites priv\u00e9s, personnels ou commerciaux hors partenariat avec le <span style=\"color:#1CACFF\" class=\"tadv-color\">[rectorat\/DSDEN\/l\u2019\u00e9tablissement scolaire]<\/span>. Dans le cas contraire, contacter le directeur de publication.<\/p>\n\n\n\n<h4 class=\"wp-block-heading\">Demande d&rsquo;autorisation de reproduction des contenus<\/h4>\n\n\n\n<p>Toute copie partielle ou int\u00e9grale du site <span style=\"color:#1CACFF\" class=\"tadv-color\">[URL du site]<\/span> doit faire l&rsquo;objet d&rsquo;une d\u00e9claration aupr\u00e8s du directeur de publication.<\/p>\n\n\n\n<p>Les demandes d&rsquo;autorisation doivent \u00eatre adress\u00e9es \u00e0 :<span style=\"color:#1CACFF\" class=\"tadv-color\"> [Adresse postale de l\u2019acad\u00e9mie\/DSDEN\/l\u2019\u00e9tablissement scolaire]<\/span><\/p>\n\n\n\n<p>La demande devra pr\u00e9ciser le contenu vis\u00e9 ainsi que la publication ou le site sur lequel ce dernier figurera. Une fois cette autorisation obtenue, la reproduction d&rsquo;un contenu doit ob\u00e9ir aux principes suivants :<\/p>\n\n\n\n<ul class=\"wp-block-list\"><li>gratuit\u00e9 de la diffusion ;<\/li><li>respect de l&rsquo;int\u00e9grit\u00e9 des documents reproduits (aucune modification, ni alt\u00e9ration d&rsquo;aucune sorte) ;<\/li><li>mention obligatoire : \u00ab\u00a0\u00a9 <span style=\"color:#1CACFF\" class=\"tadv-color\">[URL du site]<\/span> &#8211; acad\u00e9mie de Lyon &#8211; droits r\u00e9serv\u00e9s\u00a0\u00bb. Cette mention pointera gr\u00e2ce \u00e0 un lien hypertexte directement sur le contenu.<\/li><li>insertion d&rsquo;une ic\u00f4ne repr\u00e9sentant le site internet.<\/li><\/ul>\n\n\n\n<p>Les organismes sous tutelle ainsi que les autres minist\u00e8res sont dispens\u00e9s de cette demande d&rsquo;autorisation sous r\u00e9serve d&rsquo;insertion de la mention \u00ab\u00a0\u00a9 <span style=\"color:#1CACFF\" class=\"tadv-color\">[URL du site]<\/span> &#8211; acad\u00e9mie de Lyon &#8211; droits r\u00e9serv\u00e9s\u00a0\u00bb. Cette mention pointera gr\u00e2ce \u00e0 un lien hypertexte directement sur le contenu.<\/p>\n\n\n\n<h4 class=\"wp-block-heading\">Cr\u00e9dits photographiques<\/h4>\n\n\n\n<p>Ce blog utilise <\/p>\n\n\n\n<ul class=\"wp-block-list\"><li>des images en provenance du site <span style=\"color:#1CACFF\" class=\"tadv-color\"><a rel=\"noreferrer noopener\" href=\"https:\/\/pixabay.com\/fr\/\" target=\"_blank\">https:\/\/pixabay.com\/fr\/<\/a> sous licence <a rel=\"noopener\" href=\"https:\/\/pixabay.com\/fr\/service\/license\/\" target=\"_blank\">Pixabay License<\/a> (libre pour usage commercial &#8211; pas d&rsquo;attribution requise)<\/span> ;<\/li><li>des images cr\u00e9\u00e9es par et pour <span style=\"color:#1CACFF\" class=\"tadv-color\">le rectorat de l&rsquo;acad\u00e9mie de Lyon\/ la DSDEN de [d\u00e9partement]<\/span> <span style=\"color:#1CACFF\" class=\"tadv-color\">\/l\u2019\u00e9tablissement scolaire [nom de l\u2019\u00e9tablissement]<\/span> qui est titulaire des droits relatifs \u00e0 leur propri\u00e9t\u00e9 intellectuelle.<\/li><\/ul>\n\n\n\n<h4 class=\"wp-block-heading\">Cr\u00e9dits vid\u00e9os<\/h4>\n\n\n\n<p><span style=\"color:#1CACFF\" class=\"tadv-color\">Le rectorat de l&rsquo;acad\u00e9mie de Lyon\/ La DSDEN de [d\u00e9partement] \/L\u2019\u00e9tablissement scolaire [nom de l\u2019\u00e9tablissement]<\/span> est titulaire des droits relatifs \u00e0 la propri\u00e9t\u00e9 intellectuelle des vid\u00e9os figurant sur l&rsquo;ensemble du site (sauf mention contraire).<\/p>\n\n\n\n<h2 class=\"wp-block-heading\">Responsabilit\u00e9 face aux liens vers d&rsquo;autres sites<\/h2>\n\n\n\n<p>Le site <span style=\"color:#1CACFF\" class=\"tadv-color\">[URL du site]<\/span> propose de nombreux liens vers d&rsquo;autres sites, essentiellement des sites officiels (gouvernement, institutions, organismes publics, etc.) mais aussi vers des sites, fran\u00e7ais ou \u00e9trangers, d&rsquo;associations, d&rsquo;organismes professionnels du secteur \u00e9ducatif ou d&rsquo;entreprises partenaires sur des op\u00e9rations ponctuelles.<\/p>\n\n\n\n<p>Il est pr\u00e9cis\u00e9 vers quel site nous vous proposons d&rsquo;aller. Ces pages, dont les adresses sont r\u00e9guli\u00e8rement v\u00e9rifi\u00e9es, ne font pas partie du site <span style=\"color:#1CACFF\" class=\"tadv-color\">[pr\u00e9ciser de quel \u00e9tablissement\/service\/discipline&#8230;]<\/span> : elles n&rsquo;engagent pas la responsabilit\u00e9 de la r\u00e9daction du site qui ne peut \u00eatre tenue pour responsable des contenus vers lesquels ces liens pointent. Ils ne visent qu&rsquo;\u00e0 permettre \u00e0 l&rsquo;internaute d&rsquo;acc\u00e9der plus facilement \u00e0 d&rsquo;autres ressources documentaires sur le sujet consult\u00e9.<\/p>\n\n\n\n<h2 class=\"wp-block-heading\">Cr\u00e9ation de liens depuis le site <span style=\"color:#1CACFF\" class=\"tadv-color\">[URL du site]<\/span><\/h2>\n\n\n\n<p>Aucune d\u00e9marche de liens vers des sites priv\u00e9s, personnels ou commerciaux ne sera satisfaite.<\/p>\n\n\n\n<h2 class=\"wp-block-heading\">Accessibilit\u00e9s du site<\/h2>\n\n\n\n<p>Les pages sont mises progressivement en conformit\u00e9 avec les recommandations du r\u00e9f\u00e9rentiel commun des crit\u00e8res d&rsquo;accessibilit\u00e9 des services Internet de l&rsquo;administration fran\u00e7aise pour respecter la loi n\u00b02005-102 du 11 f\u00e9vrier 2005 pour l&rsquo;\u00e9galit\u00e9 des droits et des chances, la participation et la citoyennet\u00e9 des personnes handicap\u00e9es.<\/p>\n\n\n\n<h2 class=\"wp-block-heading\">Nous contacter<\/h2>\n\n\n\n<p><span style=\"color:#1CACFF\" class=\"tadv-color\">La DSDEN de [d\u00e9partement]<br>L\u2019\u00e9tablissement scolaire [nom de l\u2019\u00e9tablissement]<\/span><\/p>\n\n\n\n<p><span style=\"color:#1CACFF\" class=\"tadv-color\">=> lien vers le formulaire de contact<\/span><\/p>\n\n\n\n<h2 class=\"wp-block-heading\">Litiges<\/h2>\n\n\n\n<p>En cas de litige, il conviendra de saisir le tribunal comp\u00e9tent.<\/p>\n","protected":false},"excerpt":{"rendered":"<p>L\u2019affichage des mentions l\u00e9gales est une obligation aussi bien pour les sites internet professionnels que pour les sites personnels, en vertu de la loi du 21 juin 2004 pour la confiance dans l\u2019\u00e9conomie (LCEN) num\u00e9rique. En vertu de cette loi,&#8230; <a class=\"more-link\" href=\"https:\/\/modele.blog.ac-lyon.fr\/wordpress\/mentions-legales\/\">Lire la suite &rarr;<\/a><\/p>\n","protected":false},"author":5,"featured_media":0,"parent":0,"menu_order":0,"comment_status":"closed","ping_status":"closed","template":"template-fullwidth.php","meta":{"xn-wppe-expiration":[],"xn-wppe-expiration-action":[],"xn-wppe-expiration-prefix":[],"advgb_blocks_editor_width":"","advgb_blocks_columns_visual_guide":"","_EventAllDay":false,"_EventTimezone":"","_EventStartDate":"","_EventEndDate":"","_EventStartDateUTC":"","_EventEndDateUTC":"","_EventShowMap":false,"_EventShowMapLink":false,"_EventURL":"","_EventCost":"","_EventCostDescription":"","_EventCurrencySymbol":"","_EventCurrencyCode":"","_EventCurrencyPosition":"","_EventDateTimeSeparator":"","_EventTimeRangeSeparator":"","_EventOrganizerID":[],"_EventVenueID":0,"_OrganizerEmail":"","_OrganizerPhone":"","_OrganizerWebsite":"","_VenueAddress":"","_VenueCity":"","_VenueCountry":"","_VenueProvince":"","_VenueZip":"","_VenuePhone":"","_VenueURL":"","_VenueStateProvince":"","_VenueLat":"","_VenueLng":"","footnotes":""},"class_list":["post-7373","page","type-page","status-publish","hentry"],"coauthors":[],"author_meta":{"author_link":"https:\/\/modele.blog.ac-lyon.fr\/wordpress\/author\/daneblog\/","display_name":"Webmestre acad\u00e9mique"},"relative_dates":{"created":"Publi\u00e9 5 ans il y a","modified":"Mis \u00e0 jour 5 ans il y a"},"absolute_dates":{"created":"Publi\u00e9 le 20 septembre 2021","modified":"Mise \u00e0 jour le 21 septembre 2021"},"absolute_dates_time":{"created":"Publi\u00e9 le 20 septembre 2021 11 h 52 min","modified":"Mise \u00e0 jour le 21 septembre 2021 12 h 59 min"},"featured_img_caption":"","featured_img":false,"series_order":"","_links":{"self":[{"href":"https:\/\/modele.blog.ac-lyon.fr\/wordpress\/wp-json\/wp\/v2\/pages\/7373","targetHints":{"allow":["GET"]}}],"collection":[{"href":"https:\/\/modele.blog.ac-lyon.fr\/wordpress\/wp-json\/wp\/v2\/pages"}],"about":[{"href":"https:\/\/modele.blog.ac-lyon.fr\/wordpress\/wp-json\/wp\/v2\/types\/page"}],"author":[{"embeddable":true,"href":"https:\/\/modele.blog.ac-lyon.fr\/wordpress\/wp-json\/wp\/v2\/users\/5"}],"replies":[{"embeddable":true,"href":"https:\/\/modele.blog.ac-lyon.fr\/wordpress\/wp-json\/wp\/v2\/comments?post=7373"}],"version-history":[{"count":1,"href":"https:\/\/modele.blog.ac-lyon.fr\/wordpress\/wp-json\/wp\/v2\/pages\/7373\/revisions"}],"predecessor-version":[{"id":7443,"href":"https:\/\/modele.blog.ac-lyon.fr\/wordpress\/wp-json\/wp\/v2\/pages\/7373\/revisions\/7443"}],"wp:attachment":[{"href":"https:\/\/modele.blog.ac-lyon.fr\/wordpress\/wp-json\/wp\/v2\/media?parent=7373"}],"curies":[{"name":"wp","href":"https:\/\/api.w.org\/{rel}","templated":true}]}}