{"id":7403,"date":"2021-09-17T16:39:54","date_gmt":"2021-09-17T14:39:54","guid":{"rendered":"https:\/\/blog.ac-lyon.fr\/?page_id=7403"},"modified":"2021-09-21T12:59:35","modified_gmt":"2021-09-21T10:59:35","slug":"donnees-personnelles-et-cookies","status":"publish","type":"page","link":"https:\/\/modele.blog.ac-lyon.fr\/wordpress\/donnees-personnelles-et-cookies\/","title":{"rendered":"Donn\u00e9es personnelles et cookies"},"content":{"rendered":"\n<h2 class=\"wp-block-heading\" id=\"protection-et-traitement-de-donnees-a-caractere-personnel-aa4463eb-4856-42a6-a471-00416d66f4a0\">Protection et traitement de donn\u00e9es \u00e0 caract\u00e8re personnel<\/h2>\n\n\n\n<h4 class=\"wp-block-heading\" id=\"respect-des-lois-en-vigueur--c17e3367-90bb-4e33-acd8-820bef92997a\">Respect des lois en vigueur :<\/h4>\n\n\n\n<p>Le site <span style=\"color:#1CACFF\" class=\"tadv-color\">[URL du site]<\/span> respecte la vie priv\u00e9e de l&rsquo;internaute et se conforme strictement aux lois<br>en vigueur sur la protection de la vie priv\u00e9e et des libert\u00e9s individuelles. Aucune information<br>personnelle n&rsquo;est collect\u00e9e \u00e0 votre insu. Aucune information personnelle n&rsquo;est c\u00e9d\u00e9e \u00e0 des tiers.<br>Les courriels, les adresses \u00e9lectroniques ou autres informations nominatives dont ce site est<br>destinataire ne font l&rsquo;objet d&rsquo;aucune exploitation et ne sont conserv\u00e9s que pour la dur\u00e9e<br>n\u00e9cessaire \u00e0 leur traitement.<\/p>\n\n\n\n<h2 class=\"wp-block-heading\" id=\"photographies-et-videos-28eac67d-a6b9-4184-a339-e1073a4cd231\">Photographies et vid\u00e9os<\/h2>\n\n\n\n<p>Les donn\u00e9es \u00e0 caract\u00e8re personnel autres que les cookies, adresses IP et adresses \u00e9lectroniques,<br>qui figurent sur le site internet sont conserv\u00e9es pour la dur\u00e9e n\u00e9cessaire \u00e0 l&rsquo;information du<br>public ; en tout \u00e9tat de cause les photos et vid\u00e9os sont supprim\u00e9es au bout de dix ans.<\/p>\n\n\n\n<p>Conform\u00e9ment \u00e0 la loi informatique et libert\u00e9s du 6 janvier 1978 modifi\u00e9e relative \u00e0<br>l&rsquo;informatique, aux fichiers et aux libert\u00e9s, vous disposez d\u2019un droit d\u2018acc\u00e8s, de rectification, de<br>modification et de suppression des donn\u00e9es relatives aux photos et vid\u00e9os qui vous concernent.<br>L\u2019application de ce droit est accord\u00e9e sans aucune exception.<\/p>\n\n\n\n<p>Pour toute r\u00e9clamation, vous pouvez adresser une lettre recommand\u00e9e avec accus\u00e9 de<br>r\u00e9ception contenant les copies des photographies concern\u00e9es (ou de la copie d\u2019\u00e9cran pour une<br>vid\u00e9o) \u00e0 l\u2019adresse suivante :<br><span style=\"color:#1CACFF\" class=\"tadv-color\">[Adresse postale de l\u2019\u00e9diteur] (rectorat, DSDEN, \u00e9tablissement scolaire)<\/span><\/p>\n\n\n\n<p>Votre demande doit \u00eatre accompagn\u00e9e de la photocopie d\u2019un titre d\u2019identit\u00e9 comportant votre<br>signature.<\/p>\n\n\n\n<h2 class=\"wp-block-heading\" id=\"qui-sont-les-destinataires-des-donnees-recueillies--6ea92ac7-7bf8-40b3-9ee4-cfa70548c103\">Qui sont les destinataires des donn\u00e9es recueillies ?<\/h2>\n\n\n\n<p>Les donn\u00e9es recueillies sont utilis\u00e9es pour nous permettre d\u2019enrichir le parcours des<br>internautes, fournir une meilleure information et ainsi participer \u00e0 l&rsquo;am\u00e9lioration de notre<br>mission de service public.<\/p>\n\n\n\n<p><span style=\"color:#1CACFF\" class=\"tadv-color\">L&rsquo;acad\u00e9mie [nom de l\u2019acad\u00e9mie]<br>la DSDEN de [nom du d\u00e9partement]<br>L\u2019\u00e9tablissement scolaire [nom de l\u2019\u00e9tablissement]<\/span><br>dans le cadre de leurs attributions et dans la limite de leurs besoins, sont destinataires des<br>informations et donn\u00e9es \u00e0 caract\u00e8re personnel contenues dans le traitement.<\/p>\n\n\n\n<p>Les donn\u00e9es collect\u00e9es ne sont en aucun cas communiqu\u00e9es \u00e0 d\u2019autres destinataires que ceux<br>cit\u00e9s ci-dessus.<\/p>\n\n\n\n<h2 class=\"wp-block-heading\" id=\"comment-exercer-vos-droits--6fae6f2e-9b1e-412d-a7f4-b14125315df2\">Comment exercer vos droits ?<\/h2>\n\n\n\n<p>Conform\u00e9ment au r\u00e8glement europ\u00e9en sur la protection des donn\u00e9es personnelles (RGPD), vous<br>pouvez exercer vos droits d\u2019acc\u00e8s, de rectification, de limitation et d\u2019opposition en contactant :<\/p>\n\n\n\n<ul class=\"wp-block-list\"><li>le directeur de publication<\/li><li>le d\u00e9l\u00e9gu\u00e9 \u00e0 la protection des donn\u00e9es de l&rsquo;acad\u00e9mie de Lyon (DPD) via <a href=\"mailto:dpd@ac-lyon.fr\">dpd@ac-lyon.fr<\/a> ou par courrier : <\/li><\/ul>\n\n\n\n<p class=\"left-block\">D\u00e9l\u00e9gu\u00e9 \u00e0 la protection des donn\u00e9es <br>Rectorat<br>92 rue de Marseille<br> BP 7227<br> 69007 Lyon cedex 07<\/p>\n\n\n\n<p><\/p>\n\n\n\n<p><\/p>\n\n\n\n<div style=\"height:28px\" aria-hidden=\"true\" class=\"wp-block-spacer\"><\/div>\n\n\n\n<p>Pour en savoir plus sur le d\u00e9tail de vos droits en mati\u00e8re de donn\u00e9es personnelles, n\u2019h\u00e9sitez pas \u00e0 consulter <a href=\"https:\/\/www.cnil.fr\/fr\/les-droits-pour-maitriser-vos-donnees-personnelles\">le site de la commission nationale de l&rsquo;informatique et des libert\u00e9s (CNIL)<\/a>.<\/p>\n\n\n\n<p>Si vous estimez, apr\u00e8s nous avoir contact\u00e9s, que vos droits ne sont pas respect\u00e9s ou que ce<br>dispositif n\u2019est pas conforme aux r\u00e8gles de protection des donn\u00e9es, vous pouvez adresser une<br><a href=\"https:\/\/www.cnil.fr\/fr\/cnil-direct\/question\/adresser-une-reclamation-plainte-la-cnil-quelles-conditions-et-comment\">r\u00e9clamation<\/a> aupr\u00e8s de la Commission nationale de l\u2019informatique et des libert\u00e9s.<\/p>\n\n\n\n<h2 class=\"wp-block-heading\" id=\"a-propos-des-cookies-f3d63bf4-c150-4e07-a6e1-2e563edcddd3\">\u00c0 propos des cookies<\/h2>\n\n\n\n<p>Un cookie (ou \u00ab\u00a0traceur\u00a0\u00bb) est un fichier texte d\u00e9pos\u00e9 sur votre ordinateur lors de la visite d&rsquo;un<br>site ou de la consultation d&rsquo;une campagne de communication. Il permet de conserver des<br>donn\u00e9es utilisateur afin de faciliter votre navigation et de vous offrir certaines fonctionnalit\u00e9s.<br>Les cookies et les adresses IP des internautes, collect\u00e9s \u00e0 des fins statistiques, sont conserv\u00e9s<br>pendant treize mois, puis sont supprim\u00e9es.<\/p>\n\n\n\n<p><span style=\"color:#1CACFF\" class=\"tadv-color\">La DSDEN de [nom du d\u00e9partement]<br>L\u2019\u00e9tablissement scolaire [nom de l\u2019\u00e9tablissement]<\/span><br>s\u2019engage \u00e0 suivre les <a href=\"https:\/\/www.legifrance.gouv.fr\/jorf\/id\/JORFTEXT000038783337\">lignes directrices de la CNIL concernant les cookies et autres traceurs<\/a><br>adopt\u00e9es le 4 juillet 2019 avec notamment l\u2019obligation, sauf exception, de recueillir le<br>consentement des utilisateurs avant toute op\u00e9ration d\u2019\u00e9criture ou de lecture de cookies et<br>autres traceurs.<\/p>\n\n\n\n<h2 class=\"wp-block-heading\" id=\"cookies-internes-necessaires-au-site-pour-fonctionner-3ad97a99-ffb6-4a5f-a138-b8d0d6c262ae\">Cookies internes n\u00e9cessaires au site pour fonctionner<\/h2>\n\n\n\n<p>Il convient de distinguer les cookies que nous \u00e9mettons sur<br><span style=\"color:#1CACFF\" class=\"tadv-color\">[URL du site]<\/span><br>pour le bon fonctionnement du site, des cookies de mesure d\u2019audience et de ceux \u00e9mis par des<br>tiers. En cas de refus des cookies n\u00e9cessaires au bon fonctionnement du site, ou de l&rsquo;effacement<br>de ceux-ci, nous vous informons que vous ne pourrez plus b\u00e9n\u00e9ficier d&rsquo;un certain nombre de<br>fonctionnalit\u00e9s qui sont n\u00e9anmoins n\u00e9cessaires pour naviguer dans certains espaces de ce site<br>web. Vous pouvez vous y opposer ou les supprimer en utilisant les param\u00e8tres de votre<br>navigateur, cependant votre exp\u00e9rience utilisateur risque d\u2019\u00eatre d\u00e9grad\u00e9e.<\/p>\n\n\n\n<p><\/p>\n\n\n\n<figure class=\"wp-block-table is-style-regular\"><table><thead><tr><th>Nom du cookie<\/th><th class=\"has-text-align-left\" data-align=\"left\">Finalit\u00e9<\/th><th>Dur\u00e9e de conservation<\/th><\/tr><\/thead><tbody><tr><td><a href=\"https:\/\/opt-out.ferank.eu\/fr\/\" data-type=\"URL\" data-id=\"https:\/\/opt-out.ferank.eu\/fr\/\" target=\"_blank\" rel=\"noreferrer noopener\">Tarteaucitron.js<\/a><\/td><td class=\"has-text-align-left\" data-align=\"left\">Sauvegarde des choix en mati\u00e8re de consentement des cookies.<br>Recommand\u00e9 par la CNIL, cette solution donne ainsi le choix aux visiteurs du site d&rsquo;accepter ou de refuser les cookies tiers<br>(notamment r\u00e9seaux sociaux et m\u00e9dias sociaux) de<br>mani\u00e8re individuelle.<\/td><td>12 mois<\/td><\/tr><\/tbody><\/table><\/figure>\n\n\n\n<h2 class=\"wp-block-heading\" id=\"cookies-de-mesure-daudience-672a9b07-3f7d-4005-af61-e5f1ac074c90\">Cookies de mesure d&rsquo;audience<\/h2>\n\n\n\n<p><span style=\"color:#1CACFF\" class=\"tadv-color\">Paragraphe \u00e0 conserver uniquement si vous utilisez une mesure d&rsquo;audience\/statistiques<\/span><\/p>\n\n\n\n<p>Afin de mieux vous servir et d\u2019am\u00e9liorer l\u2019exp\u00e9rience utilisateur sur notre site, nous mesurons<br>son audience gr\u00e2ce \u00e0 une solution utilisant la technologie des cookies. Ce type de cookie ne<br>permet pas de vous identifier en tant qu&rsquo;individu ; il sert uniquement \u00e0 enregistrer vos<br>informations de navigation.<br><span style=\"color:#1CACFF\" class=\"tadv-color\">[URL du site]<\/span> utilise l\u2019outil de mesure d\u2019audience <span style=\"color:#1CACFF\" class=\"tadv-color\">[nom de l&rsquo;outil utilis\u00e9]<\/span>. <br>Ces cookies de mesure d\u2019audience ne sont pas conserv\u00e9s au-del\u00e0 de 13 mois. Vous pouvez<br>vous opposer \u00e0 tout moment \u00e0 leur utilisation dans la banni\u00e8re Gestion de vos pr\u00e9f\u00e9rences sur<br>les cookies.<\/p>\n\n\n\n<p><\/p>\n\n\n\n<figure class=\"wp-block-table is-style-stripes\"><table><thead><tr><th><strong>Nom du cookie<\/strong><\/th><th><strong>Finalit\u00e9<\/strong><\/th><th><strong>Dur\u00e9e de conservation<\/strong><\/th><\/tr><\/thead><tbody><tr><td><span style=\"color:#1CACFF\" class=\"tadv-color\">\u00e0 compl\u00e9ter<\/span><\/td><td><\/td><td><\/td><\/tr><\/tbody><\/table><\/figure>\n\n\n\n<h2 class=\"wp-block-heading\" id=\"cookies-tiers-destines-a-ameliorer-linteractivite-du-site-ab893e59-c7d5-4f5b-96c9-c5d72de2ec98\">Cookies tiers, destin\u00e9s \u00e0 am\u00e9liorer l&rsquo;interactivit\u00e9 du site<\/h2>\n\n\n\n<p>Des cookies peuvent \u00e9galement \u00eatre \u00e9mis sur le <span style=\"color:#1CACFF\" class=\"tadv-color\">[URL du site]<\/span> via des applications de tiers. En<br>effet, certaines fonctionnalit\u00e9s propos\u00e9es sur le site (lecteurs vid\u00e9os, cartes et contenus<br>interactifs, affichage de contenus issus de plateformes sociales, etc.) font appel \u00e0 des services<br>de tiers. Ces fonctionnalit\u00e9s d\u00e9posent des cookies permettant aux tiers d\u2019identifier les sites que<br>vous consultez et les contenus auxquels vous vous int\u00e9ressez.<\/p>\n\n\n\n<h4 class=\"wp-block-heading\" id=\"finalites-et-modalites-de-traitement-de-vos-donnees-par-les-tiers-vos-droits-et-les-modalitesdexercice-de-ces-derniers--862c0798-10f0-403a-85ac-33797fcda389\">Finalit\u00e9s et modalit\u00e9s de traitement de vos donn\u00e9es par les tiers, vos droits et les modalit\u00e9s d\u2019exercice de ces derniers :<\/h4>\n\n\n\n<p><\/p>\n\n\n\n<figure class=\"wp-block-table is-style-stripes\"><table><thead><tr><th>Nom du cookie<\/th><th>Finalit\u00e9<\/th><th>Param\u00e9trages\/r\u00e8gles de confidentialit\u00e9<\/th><\/tr><\/thead><tbody><tr><td>Twitter<\/td><td>Permettre aux utilisateurs du site de faciliter le partage de contenu avec le r\u00e9seau social Twitter.<\/td><td><a rel=\"noreferrer noopener\" href=\"https:\/\/help.twitter.com\/fr\/rules-and-policies\/twitter-cookies\" target=\"_blank\"><u>Param\u00e9trer votre navigateur internet pour bloquer les Cookies, ou\/et les options de votre compte Twitter<\/u><\/a><\/td><\/tr><tr><td>Youtube<\/td><td>Permettre aux utilisateurs du site de visionner et de partager des vid\u00e9os sur Youtube.<\/td><td><a rel=\"noreferrer noopener\" href=\"https:\/\/policies.google.com\/privacy?hl=fr&amp;gl=fr\" target=\"_blank\"><u>R\u00e8gles de confidentialit\u00e9 de Youtube<\/u><\/a><\/td><\/tr><tr><td>Instagram<\/td><td>Permettre aux utilisateurs du site de partager des contenus et d\u2019interagir avec le site via leur compte Instagram.<\/td><td><a rel=\"noreferrer noopener\" href=\"https:\/\/help.instagram.com\/519522125107875\" target=\"_blank\"><u>Politique d&rsquo;utilisation des donn\u00e9es Instagram<\/u><\/a><\/td><\/tr><tr><td>Facebook<\/td><td>Permettre aux utilisateurs du site de partager des contenus et d&rsquo;interagir avec le site via leur compte Facebook.<\/td><td><a rel=\"noreferrer noopener\" href=\"https:\/\/www.facebook.com\/policies\/cookies\/\" target=\"_blank\"><u>Politique d&rsquo;utilisation des donn\u00e9es Facebook<\/u><\/a><\/td><\/tr><tr><td>AddThis<\/td><td>Permettre aux visiteurs de partager du contenu avec une gamme de plates-formes en r\u00e9seaux dont AddThis.<\/td><td><a rel=\"noreferrer noopener\" href=\"https:\/\/www.addthis.com\/privacy\/terms-of-service\/fr\/\" target=\"_blank\"><u>Conditions g\u00e9n\u00e9rales d&rsquo;utilisation d&rsquo;AddThis<\/u><\/a><\/td><\/tr><tr><td>Dailymotion<\/td><td>Permettre aux utilisateurs du site de visionner et de partager des vid\u00e9os sur Dailymotion.<\/td><td><a rel=\"noreferrer noopener\" href=\"https:\/\/www.dailymotion.com\/legal\/privacy\" target=\"_blank\"><u>Politique de confidentialit\u00e9 de Dailymotion<\/u><\/a><\/td><\/tr><tr><td>OpenstreetMap<\/td><td>Permettre aux utilisateurs du site d\u2019acc\u00e9der \u00e0 des cartes g\u00e9ographiques interactives.<\/td><td><a rel=\"noreferrer noopener\" href=\"https:\/\/wiki.osmfoundation.org\/wiki\/Privacy_Policy\" target=\"_blank\"><u>Politique de confidentialit\u00e9 d\u2019OpenStreetMap<\/u><\/a><\/td><\/tr><\/tbody><\/table><\/figure>\n\n\n\n<p>Ce tableau pr\u00e9sente quelques exemples. La liste des services tiers utilis\u00e9s par ce site et n\u00e9cessitant des cookies est pr\u00e9sente dans la fen\u00eatre de gestion des cookies. Vous pouvez les afficher en cliquant sur l&rsquo;image :<\/p>\n\n\n\n<figure class=\"wp-block-image size-large\"><img decoding=\"async\" src=\"https:\/\/blog.ac-lyon.fr\/wp-content\/uploads\/2021\/09\/tarteaucitron.png\" alt=\"\" class=\"wp-image-7399\"\/><\/figure>\n\n\n\n<p>Au niveau de votre navigateur internet, vous avez \u00e9galement la possibilit\u00e9 de choisir \u00e0 tout<br>moment de d\u00e9sactiver tout ou partie des cookies g\u00e9n\u00e9r\u00e9s lors de votre consultation du site<br>education.gouv.fr, m\u00eame ceux n\u00e9cessaires au fonctionnement du site. Vous ne pourrez plus<br>alors disposer de toutes les fonctionnalit\u00e9s du site. Voici les proc\u00e9dures \u00e0 suivre pour g\u00e9rer les<br>cookies au niveau de votre navigateur :<\/p>\n\n\n\n<figure class=\"wp-block-table is-style-stripes\"><table><tbody><tr><td><a rel=\"noreferrer noopener\" href=\"https:\/\/support.mozilla.org\/fr\/kb\/protection-renforcee-contre-pistage-firefox-ordinateur?redirectlocale=fr&amp;redirectslug=activer-desactiver-cookies\" target=\"_blank\"><u>Firefox<\/u><\/a><\/td><td><a rel=\"noreferrer noopener\" href=\"https:\/\/support.google.com\/chrome\/answer\/95647?hl=fr\" target=\"_blank\">Chrome<\/a><\/td><td><a rel=\"noreferrer noopener\" href=\"https:\/\/support.microsoft.com\/en-us\/help\/17442\/windows-internet-explorer-delete-manage-cookies#ie=ie-9\" target=\"_blank\"><u>Explorer<\/u><\/a><\/td><td><a rel=\"noreferrer noopener\" href=\"https:\/\/support.apple.com\/fr-fr\/guide\/safari\/sfri11471\/mac\" target=\"_blank\">Safari<\/a><\/td><td><a rel=\"noreferrer noopener\" href=\"https:\/\/help.opera.com\/en\/latest\/web-preferences\/#cookies\" target=\"_blank\">Opera<\/a><\/td><\/tr><\/tbody><\/table><\/figure>\n\n\n\n<p><\/p>\n","protected":false},"excerpt":{"rendered":"<p>Protection et traitement de donn\u00e9es \u00e0 caract\u00e8re personnel Respect des lois en vigueur : Le site [URL du site] respecte la vie priv\u00e9e de l&rsquo;internaute et se conforme strictement aux loisen vigueur sur la protection de la vie priv\u00e9e et&#8230; <a class=\"more-link\" href=\"https:\/\/modele.blog.ac-lyon.fr\/wordpress\/donnees-personnelles-et-cookies\/\">Lire la suite &rarr;<\/a><\/p>\n","protected":false},"author":5,"featured_media":0,"parent":0,"menu_order":0,"comment_status":"closed","ping_status":"closed","template":"template-fullwidth.php","meta":{"xn-wppe-expiration":[],"xn-wppe-expiration-action":[],"xn-wppe-expiration-prefix":[],"advgb_blocks_editor_width":"","advgb_blocks_columns_visual_guide":"","_EventAllDay":false,"_EventTimezone":"","_EventStartDate":"","_EventEndDate":"","_EventStartDateUTC":"","_EventEndDateUTC":"","_EventShowMap":false,"_EventShowMapLink":false,"_EventURL":"","_EventCost":"","_EventCostDescription":"","_EventCurrencySymbol":"","_EventCurrencyCode":"","_EventCurrencyPosition":"","_EventDateTimeSeparator":"","_EventTimeRangeSeparator":"","_EventOrganizerID":[],"_EventVenueID":0,"_OrganizerEmail":"","_OrganizerPhone":"","_OrganizerWebsite":"","_VenueAddress":"","_VenueCity":"","_VenueCountry":"","_VenueProvince":"","_VenueZip":"","_VenuePhone":"","_VenueURL":"","_VenueStateProvince":"","_VenueLat":"","_VenueLng":"","footnotes":""},"class_list":["post-7403","page","type-page","status-publish","hentry"],"coauthors":[],"author_meta":{"author_link":"https:\/\/modele.blog.ac-lyon.fr\/wordpress\/author\/daneblog\/","display_name":"Webmestre acad\u00e9mique"},"relative_dates":{"created":"Publi\u00e9 5 ans il y a","modified":"Mis \u00e0 jour 5 ans il y a"},"absolute_dates":{"created":"Publi\u00e9 le 17 septembre 2021","modified":"Mise \u00e0 jour le 21 septembre 2021"},"absolute_dates_time":{"created":"Publi\u00e9 le 17 septembre 2021 16 h 39 min","modified":"Mise \u00e0 jour le 21 septembre 2021 12 h 59 min"},"featured_img_caption":"","featured_img":false,"series_order":"","_links":{"self":[{"href":"https:\/\/modele.blog.ac-lyon.fr\/wordpress\/wp-json\/wp\/v2\/pages\/7403","targetHints":{"allow":["GET"]}}],"collection":[{"href":"https:\/\/modele.blog.ac-lyon.fr\/wordpress\/wp-json\/wp\/v2\/pages"}],"about":[{"href":"https:\/\/modele.blog.ac-lyon.fr\/wordpress\/wp-json\/wp\/v2\/types\/page"}],"author":[{"embeddable":true,"href":"https:\/\/modele.blog.ac-lyon.fr\/wordpress\/wp-json\/wp\/v2\/users\/5"}],"replies":[{"embeddable":true,"href":"https:\/\/modele.blog.ac-lyon.fr\/wordpress\/wp-json\/wp\/v2\/comments?post=7403"}],"version-history":[{"count":1,"href":"https:\/\/modele.blog.ac-lyon.fr\/wordpress\/wp-json\/wp\/v2\/pages\/7403\/revisions"}],"predecessor-version":[{"id":7442,"href":"https:\/\/modele.blog.ac-lyon.fr\/wordpress\/wp-json\/wp\/v2\/pages\/7403\/revisions\/7442"}],"wp:attachment":[{"href":"https:\/\/modele.blog.ac-lyon.fr\/wordpress\/wp-json\/wp\/v2\/media?parent=7403"}],"curies":[{"name":"wp","href":"https:\/\/api.w.org\/{rel}","templated":true}]}}