{"id":7424,"date":"2021-09-20T13:17:39","date_gmt":"2021-09-20T11:17:39","guid":{"rendered":"https:\/\/blog.ac-lyon.fr\/?page_id=7424"},"modified":"2021-09-21T16:43:39","modified_gmt":"2021-09-21T14:43:39","slug":"formulaire-de-contact","status":"publish","type":"page","link":"https:\/\/modele.blog.ac-lyon.fr\/wordpress\/formulaire-de-contact\/","title":{"rendered":"Formulaire de contact"},"content":{"rendered":"\n<div class=\"wp-block-advgb-contact-form advgb-contact-form\"><form method=\"POST\"><div class=\"advgb-form-field advgb-form-field-half\"><input type=\"text\" class=\"advgb-form-input advgb-form-input-name\" placeholder=\"NOM et pr\u00e9nom\" name=\"contact_name\"\/><\/div><div class=\"advgb-form-field advgb-form-field-half\"><input type=\"email\" class=\"advgb-form-input advgb-form-input-email\" placeholder=\"Courriel\" name=\"contact_email\"\/><\/div><div class=\"advgb-form-field advgb-form-field-full\"><textarea class=\"advgb-form-input advgb-form-input-msg\" placeholder=\"Message\" name=\"contact_message\"><\/textarea><\/div><div class=\"advgb-grecaptcha clearfix position-center\"><\/div><input type=\"hidden\" name=\"advgb_blockform_nonce_field\" value=\"9022d54f58\"><div class=\"advgb-form-submit-wrapper\" style=\"text-align:center\"><button class=\"advgb-form-submit\" type=\"submit\" data-success=\"Votre message a bien \u00e9t\u00e9 envoy\u00e9.\" data-alert=\"Champ obligatoire\">Envoyer le message<\/button><\/div><\/form><\/div>\n","protected":false},"excerpt":{"rendered":"","protected":false},"author":5,"featured_media":0,"parent":0,"menu_order":0,"comment_status":"closed","ping_status":"closed","template":"","meta":{"xn-wppe-expiration":[],"xn-wppe-expiration-action":[],"xn-wppe-expiration-prefix":[],"advgb_blocks_editor_width":"","advgb_blocks_columns_visual_guide":"","_EventAllDay":false,"_EventTimezone":"","_EventStartDate":"","_EventEndDate":"","_EventStartDateUTC":"","_EventEndDateUTC":"","_EventShowMap":false,"_EventShowMapLink":false,"_EventURL":"","_EventCost":"","_EventCostDescription":"","_EventCurrencySymbol":"","_EventCurrencyCode":"","_EventCurrencyPosition":"","_EventDateTimeSeparator":"","_EventTimeRangeSeparator":"","_EventOrganizerID":[],"_EventVenueID":0,"_OrganizerEmail":"","_OrganizerPhone":"","_OrganizerWebsite":"","_VenueAddress":"","_VenueCity":"","_VenueCountry":"","_VenueProvince":"","_VenueZip":"","_VenuePhone":"","_VenueURL":"","_VenueStateProvince":"","_VenueLat":"","_VenueLng":"","footnotes":""},"class_list":["post-7424","page","type-page","status-publish","hentry"],"coauthors":[],"author_meta":{"author_link":"https:\/\/modele.blog.ac-lyon.fr\/wordpress\/author\/daneblog\/","display_name":"Webmestre acad\u00e9mique"},"relative_dates":{"created":"Publi\u00e9 5 ans il y a","modified":"Mis \u00e0 jour 5 ans il y a"},"absolute_dates":{"created":"Publi\u00e9 le 20 septembre 2021","modified":"Mise \u00e0 jour le 21 septembre 2021"},"absolute_dates_time":{"created":"Publi\u00e9 le 20 septembre 2021 13 h 17 min","modified":"Mise \u00e0 jour le 21 septembre 2021 16 h 43 min"},"featured_img_caption":"","featured_img":false,"series_order":"","_links":{"self":[{"href":"https:\/\/modele.blog.ac-lyon.fr\/wordpress\/wp-json\/wp\/v2\/pages\/7424","targetHints":{"allow":["GET"]}}],"collection":[{"href":"https:\/\/modele.blog.ac-lyon.fr\/wordpress\/wp-json\/wp\/v2\/pages"}],"about":[{"href":"https:\/\/modele.blog.ac-lyon.fr\/wordpress\/wp-json\/wp\/v2\/types\/page"}],"author":[{"embeddable":true,"href":"https:\/\/modele.blog.ac-lyon.fr\/wordpress\/wp-json\/wp\/v2\/users\/5"}],"replies":[{"embeddable":true,"href":"https:\/\/modele.blog.ac-lyon.fr\/wordpress\/wp-json\/wp\/v2\/comments?post=7424"}],"version-history":[{"count":4,"href":"https:\/\/modele.blog.ac-lyon.fr\/wordpress\/wp-json\/wp\/v2\/pages\/7424\/revisions"}],"predecessor-version":[{"id":7505,"href":"https:\/\/modele.blog.ac-lyon.fr\/wordpress\/wp-json\/wp\/v2\/pages\/7424\/revisions\/7505"}],"wp:attachment":[{"href":"https:\/\/modele.blog.ac-lyon.fr\/wordpress\/wp-json\/wp\/v2\/media?parent=7424"}],"curies":[{"name":"wp","href":"https:\/\/api.w.org\/{rel}","templated":true}]}}