{"id":7461,"date":"2021-09-21T15:12:14","date_gmt":"2021-09-21T13:12:14","guid":{"rendered":"https:\/\/modele.blog.ac-lyon.fr\/wordpress\/?page_id=7461"},"modified":"2021-09-21T15:13:42","modified_gmt":"2021-09-21T13:13:42","slug":"accueil","status":"publish","type":"page","link":"https:\/\/modele.blog.ac-lyon.fr\/wordpress\/","title":{"rendered":"Accueil"},"content":{"rendered":"\n<div class=\"wp-block-advgb-infobox advgb-infobox-wrapper has-text-align-center advgb-infobox-ce98ded0-cd01-4658-8d1b-0f2dc42c0753\"><div class=\"advgb-infobox-wrap\"><div class=\"advgb-infobox-icon-container\"><div class=\"advgb-infobox-icon-inner-container\"><i class=\"material-icons-outlined\">business_center<\/i><\/div><\/div><div class=\"advgb-infobox-textcontent\"><h3 class=\"advgb-infobox-title\">Bienvenue sur le blog !<\/h3><p class=\"advgb-infobox-text\">A personnaliser<\/p><\/div><\/div><\/div>\n\n\n\n<div style=\"height:50px\" aria-hidden=\"true\" class=\"wp-block-spacer\"><\/div>\n\n\n<div class=\"advgb-recent-posts-block newspaper-view layout-np-1-4\"><div class=\"advgb-recent-posts\"><article class=\"advgb-recent-post\"><div class=\"advgb-post-thumbnail\"><a href=\"https:\/\/modele.blog.ac-lyon.fr\/wordpress\/2019\/07\/11\/personnaliser\/\"><img decoding=\"async\" width=\"676\" height=\"450\" src=\"https:\/\/modele.blog.ac-lyon.fr\/wordpress\/wp-content\/uploads\/2020\/03\/923188-1024x681.jpg\" class=\"attachment-large size-large\" alt=\"\" srcset=\"https:\/\/modele.blog.ac-lyon.fr\/wordpress\/wp-content\/uploads\/2020\/03\/923188-1024x681.jpg 1024w, https:\/\/modele.blog.ac-lyon.fr\/wordpress\/wp-content\/uploads\/2020\/03\/923188-300x200.jpg 300w, https:\/\/modele.blog.ac-lyon.fr\/wordpress\/wp-content\/uploads\/2020\/03\/923188-768x511.jpg 768w, https:\/\/modele.blog.ac-lyon.fr\/wordpress\/wp-content\/uploads\/2020\/03\/923188-1536x1022.jpg 1536w, https:\/\/modele.blog.ac-lyon.fr\/wordpress\/wp-content\/uploads\/2020\/03\/923188-600x399.jpg 600w, https:\/\/modele.blog.ac-lyon.fr\/wordpress\/wp-content\/uploads\/2020\/03\/923188-945x629.jpg 945w, https:\/\/modele.blog.ac-lyon.fr\/wordpress\/wp-content\/uploads\/2020\/03\/923188.jpg 1200w\" sizes=\"(max-width: 676px) 100vw, 676px\" \/><\/a><\/div><div class=\"advgb-post-wrapper\"><h2 class=\"advgb-post-title\"><a href=\"https:\/\/modele.blog.ac-lyon.fr\/wordpress\/2019\/07\/11\/personnaliser\/\">Personnaliser<\/a><\/h2><div class=\"advgb-post-info\"><span class=\"advgb-post-datetime\">Mise \u00e0 jour le 25 mars 2020<\/span> <span class=\"advgb-post-comments\"><span class=\"dashicons dashicons-admin-comments\"><\/span>(0)<\/span><\/div><div class=\"advgb-post-tax-info\"><div class=\"advgb-post-tax advgb-post-category\"><div><span class=\"advgb-post-tax-term\">Cat\u00e9gorie 2<\/span><\/div><\/div><\/div><div class=\"advgb-post-content\"><div class=\"advgb-post-excerpt\">Quelques \u00e9tapes pour personnaliser et d\u00e9marrer le blog simplement.<\/div><div class=\"advgb-post-readmore\"><a href=\"https:\/\/modele.blog.ac-lyon.fr\/wordpress\/2019\/07\/11\/personnaliser\/\">Lire l&#039;article<\/a><\/div><\/div><\/div><\/article><article class=\"advgb-recent-post\"><div class=\"advgb-post-thumbnail\"><a href=\"https:\/\/modele.blog.ac-lyon.fr\/wordpress\/2019\/07\/11\/pour-bien-debuter\/\"><img decoding=\"async\" width=\"676\" height=\"450\" src=\"https:\/\/modele.blog.ac-lyon.fr\/wordpress\/wp-content\/uploads\/2020\/03\/265132-1-1024x681.jpg\" class=\"attachment-large size-large\" alt=\"\" srcset=\"https:\/\/modele.blog.ac-lyon.fr\/wordpress\/wp-content\/uploads\/2020\/03\/265132-1-1024x681.jpg 1024w, https:\/\/modele.blog.ac-lyon.fr\/wordpress\/wp-content\/uploads\/2020\/03\/265132-1-300x200.jpg 300w, https:\/\/modele.blog.ac-lyon.fr\/wordpress\/wp-content\/uploads\/2020\/03\/265132-1-768x511.jpg 768w, https:\/\/modele.blog.ac-lyon.fr\/wordpress\/wp-content\/uploads\/2020\/03\/265132-1-1536x1022.jpg 1536w, https:\/\/modele.blog.ac-lyon.fr\/wordpress\/wp-content\/uploads\/2020\/03\/265132-1-600x399.jpg 600w, https:\/\/modele.blog.ac-lyon.fr\/wordpress\/wp-content\/uploads\/2020\/03\/265132-1-945x629.jpg 945w, https:\/\/modele.blog.ac-lyon.fr\/wordpress\/wp-content\/uploads\/2020\/03\/265132-1.jpg 1200w\" sizes=\"(max-width: 676px) 100vw, 676px\" \/><\/a><\/div><div class=\"advgb-post-wrapper\"><h2 class=\"advgb-post-title\"><a href=\"https:\/\/modele.blog.ac-lyon.fr\/wordpress\/2019\/07\/11\/pour-bien-debuter\/\">Pour bien d\u00e9buter<\/a><\/h2><div class=\"advgb-post-info\"><span class=\"advgb-post-datetime\">Mise \u00e0 jour le 25 mars 2020<\/span> <span class=\"advgb-post-comments\"><span class=\"dashicons dashicons-admin-comments\"><\/span>(0)<\/span><\/div><div class=\"advgb-post-tax-info\"><div class=\"advgb-post-tax advgb-post-category\"><div><span class=\"advgb-post-tax-term\">Cat\u00e9gorie 2<\/span><\/div><\/div><\/div><div class=\"advgb-post-content\"><div class=\"advgb-post-excerpt\">Quelques conseils pour bien commencer.<\/div><div class=\"advgb-post-readmore\"><a href=\"https:\/\/modele.blog.ac-lyon.fr\/wordpress\/2019\/07\/11\/pour-bien-debuter\/\">Lire l&#039;article<\/a><\/div><\/div><\/div><\/article><article class=\"advgb-recent-post\"><div class=\"advgb-post-thumbnail\"><a href=\"https:\/\/modele.blog.ac-lyon.fr\/wordpress\/2019\/07\/10\/mon-premier-article\/\"><img decoding=\"async\" width=\"676\" height=\"446\" src=\"https:\/\/modele.blog.ac-lyon.fr\/wordpress\/wp-content\/uploads\/2020\/03\/729512-1024x676.jpg\" class=\"attachment-large size-large\" alt=\"\" srcset=\"https:\/\/modele.blog.ac-lyon.fr\/wordpress\/wp-content\/uploads\/2020\/03\/729512-1024x676.jpg 1024w, https:\/\/modele.blog.ac-lyon.fr\/wordpress\/wp-content\/uploads\/2020\/03\/729512-300x198.jpg 300w, https:\/\/modele.blog.ac-lyon.fr\/wordpress\/wp-content\/uploads\/2020\/03\/729512-768x507.jpg 768w, https:\/\/modele.blog.ac-lyon.fr\/wordpress\/wp-content\/uploads\/2020\/03\/729512-1536x1015.jpg 1536w, https:\/\/modele.blog.ac-lyon.fr\/wordpress\/wp-content\/uploads\/2020\/03\/729512-600x396.jpg 600w, https:\/\/modele.blog.ac-lyon.fr\/wordpress\/wp-content\/uploads\/2020\/03\/729512-945x624.jpg 945w, https:\/\/modele.blog.ac-lyon.fr\/wordpress\/wp-content\/uploads\/2020\/03\/729512.jpg 2000w\" sizes=\"(max-width: 676px) 100vw, 676px\" \/><\/a><\/div><div class=\"advgb-post-wrapper\"><h2 class=\"advgb-post-title\"><a href=\"https:\/\/modele.blog.ac-lyon.fr\/wordpress\/2019\/07\/10\/mon-premier-article\/\">Mon premier article<\/a><\/h2><div class=\"advgb-post-info\"><span class=\"advgb-post-datetime\">Mise \u00e0 jour le 25 mars 2020<\/span> <span class=\"advgb-post-comments\"><span class=\"dashicons dashicons-admin-comments\"><\/span>(0)<\/span><\/div><div class=\"advgb-post-tax-info\"><div class=\"advgb-post-tax advgb-post-category\"><div><span class=\"advgb-post-tax-term\">Cat\u00e9gorie 1<\/span><\/div><\/div><\/div><div class=\"advgb-post-content\"><div class=\"advgb-post-excerpt\">Un exemple : cliquez sur l&rsquo;image.<\/div><div class=\"advgb-post-readmore\"><a href=\"https:\/\/modele.blog.ac-lyon.fr\/wordpress\/2019\/07\/10\/mon-premier-article\/\">Lire l&#039;article<\/a><\/div><\/div><\/div><\/article><\/div><\/div><style class=\"advgb-styles-renderer\">#advgb-infobox-ce98ded0-cd01-4658-8d1b-0f2dc42c0753, .advgb-infobox-ce98ded0-cd01-4658-8d1b-0f2dc42c0753 {background-color: #f5f5f5;padding: 20px 20px 20px 20px;border: 0px solid #e8e8e8 ;border-radius: 0px;}#advgb-infobox-ce98ded0-cd01-4658-8d1b-0f2dc42c0753 .advgb-infobox-icon-container, .advgb-infobox-ce98ded0-cd01-4658-8d1b-0f2dc42c0753 .advgb-infobox-icon-container {background-color: #f5f5f5;padding: 0;margin: 0;border: 0px solid #e8e8e8 ;border-radius: 0px;}#advgb-infobox-ce98ded0-cd01-4658-8d1b-0f2dc42c0753 .advgb-infobox-icon-container i, .advgb-infobox-ce98ded0-cd01-4658-8d1b-0f2dc42c0753 .advgb-infobox-icon-container i {color: #333;font-size: 70px;display: block;}#advgb-infobox-ce98ded0-cd01-4658-8d1b-0f2dc42c0753 .advgb-infobox-textcontent .advgb-infobox-title, .advgb-infobox-ce98ded0-cd01-4658-8d1b-0f2dc42c0753 .advgb-infobox-textcontent .advgb-infobox-title {color: #333;padding: 0;margin: 5px 0 10px 0;white-space: pre-wrap;}#advgb-infobox-ce98ded0-cd01-4658-8d1b-0f2dc42c0753 .advgb-infobox-textcontent .advgb-infobox-text, .advgb-infobox-ce98ded0-cd01-4658-8d1b-0f2dc42c0753 .advgb-infobox-textcontent .advgb-infobox-text {color: #333;padding: 0;margin: 0;white-space: pre-wrap;}<\/style>","protected":false},"excerpt":{"rendered":"","protected":false},"author":5,"featured_media":0,"parent":0,"menu_order":0,"comment_status":"closed","ping_status":"closed","template":"","meta":{"xn-wppe-expiration":[],"xn-wppe-expiration-action":[],"xn-wppe-expiration-prefix":[],"advgb_blocks_editor_width":"","advgb_blocks_columns_visual_guide":"","_EventAllDay":false,"_EventTimezone":"","_EventStartDate":"","_EventEndDate":"","_EventStartDateUTC":"","_EventEndDateUTC":"","_EventShowMap":false,"_EventShowMapLink":false,"_EventURL":"","_EventCost":"","_EventCostDescription":"","_EventCurrencySymbol":"","_EventCurrencyCode":"","_EventCurrencyPosition":"","_EventDateTimeSeparator":"","_EventTimeRangeSeparator":"","_EventOrganizerID":[],"_EventVenueID":0,"_OrganizerEmail":"","_OrganizerPhone":"","_OrganizerWebsite":"","_VenueAddress":"","_VenueCity":"","_VenueCountry":"","_VenueProvince":"","_VenueZip":"","_VenuePhone":"","_VenueURL":"","_VenueStateProvince":"","_VenueLat":"","_VenueLng":"","footnotes":""},"class_list":["post-7461","page","type-page","status-publish","hentry"],"coauthors":[],"author_meta":{"author_link":"https:\/\/modele.blog.ac-lyon.fr\/wordpress\/author\/daneblog\/","display_name":"Webmestre acad\u00e9mique"},"relative_dates":{"created":"Publi\u00e9 5 ans il y a","modified":"Mis \u00e0 jour 5 ans il y a"},"absolute_dates":{"created":"Publi\u00e9 le 21 septembre 2021","modified":"Mise \u00e0 jour le 21 septembre 2021"},"absolute_dates_time":{"created":"Publi\u00e9 le 21 septembre 2021 15 h 12 min","modified":"Mise \u00e0 jour le 21 septembre 2021 15 h 13 min"},"featured_img_caption":"","featured_img":false,"series_order":"","_links":{"self":[{"href":"https:\/\/modele.blog.ac-lyon.fr\/wordpress\/wp-json\/wp\/v2\/pages\/7461","targetHints":{"allow":["GET"]}}],"collection":[{"href":"https:\/\/modele.blog.ac-lyon.fr\/wordpress\/wp-json\/wp\/v2\/pages"}],"about":[{"href":"https:\/\/modele.blog.ac-lyon.fr\/wordpress\/wp-json\/wp\/v2\/types\/page"}],"author":[{"embeddable":true,"href":"https:\/\/modele.blog.ac-lyon.fr\/wordpress\/wp-json\/wp\/v2\/users\/5"}],"replies":[{"embeddable":true,"href":"https:\/\/modele.blog.ac-lyon.fr\/wordpress\/wp-json\/wp\/v2\/comments?post=7461"}],"version-history":[{"count":2,"href":"https:\/\/modele.blog.ac-lyon.fr\/wordpress\/wp-json\/wp\/v2\/pages\/7461\/revisions"}],"predecessor-version":[{"id":7464,"href":"https:\/\/modele.blog.ac-lyon.fr\/wordpress\/wp-json\/wp\/v2\/pages\/7461\/revisions\/7464"}],"wp:attachment":[{"href":"https:\/\/modele.blog.ac-lyon.fr\/wordpress\/wp-json\/wp\/v2\/media?parent=7461"}],"curies":[{"name":"wp","href":"https:\/\/api.w.org\/{rel}","templated":true}]}}